{"id":180,"date":"2018-12-17T20:16:56","date_gmt":"2018-12-17T20:16:56","guid":{"rendered":"https:\/\/accompanist.ch\/?page_id=180"},"modified":"2021-02-01T14:50:07","modified_gmt":"2021-02-01T13:50:07","slug":"impressum","status":"publish","type":"page","link":"https:\/\/accompanist.ch\/?page_id=180","title":{"rendered":"Impressum"},"content":{"rendered":"\n<p>Unsere Website lautet&nbsp;<a href=\"http:\/\/www.accompanist.ch\">www.accompanist.ch<\/a><\/p>\n\n\n\n<p>Diese Website und deren Inhalt wird durch eine private Person zur Verf\u00fcgung\ngestellt.<\/p>\n\n\n\n<p>Verantwortliche Stelle im Sinne der Datenschutzgesetze, insbesondere der\nEU-Datenschutzbestimmung, DSGVO, lautet wie folgt:<\/p>\n\n\n\n<p>Milena Zivkovic \/ Bojan Ignjatic<br>Hauptstrasse 81\u00a0<br>2557 Studen BE<\/p>\n\n\n\n<p>E-Mail-Adresse:&nbsp;<a href=\"mailto:info@accompanist.ch\">info@accompanist.ch<\/a><\/p>\n\n\n\n<p><strong>Haftungsausschluss<\/strong><br><\/p>\n\n\n\n<p>Der Autor \u00fcbernimmt keinerlei Gew\u00e4hr hinsichtlich der&nbsp;inhaltlichen Richtigkeit, Genauigkeit, Aktualit\u00e4t, Zuverl\u00e4ssigkeit und&nbsp;Vollst\u00e4ndigkeit der Informationen.<br> Haftungsanspr\u00fcche gegen Accompanist wegen Sch\u00e4den materieller oder immaterieller Art, welche aus dem Zugriff oder der Nutzung bzw.&nbsp; Nichtnutzung der ver\u00f6ffentlichten Informationen, durch Missbrauch der&nbsp;Verbindung oder durch technische St\u00f6rungen entstanden sind, werden ausgeschlossen.<br> Alle&nbsp;Angebote sind unverbindlich. Accompanist beh\u00e4lt es sich ausdr\u00fccklich vor, Teile&nbsp;der Seiten oder das gesamte Angebot ohne gesonderte Ank\u00fcndigung zu ver\u00e4ndern,&nbsp;zu erg\u00e4nzen, zu l\u00f6schen oder die Ver\u00f6ffentlichung zeitweise oder endg\u00fcltig&nbsp;einzustellen.<br> &nbsp;&nbsp;&nbsp;&nbsp;&nbsp;&nbsp;&nbsp;&nbsp;&nbsp;&nbsp;&nbsp;&nbsp;&nbsp;&nbsp;&nbsp;&nbsp;&nbsp;&nbsp;&nbsp;&nbsp;&nbsp;&nbsp;&nbsp;&nbsp;&nbsp;<br> <strong>Haftung f\u00fcr Links<\/strong><\/p>\n\n\n\n<p>Verweise und Links auf Webseiten&nbsp;Dritter liegen ausserhalb unseres Verantwortungsbereichs. Es wird jegliche Verantwortung f\u00fcr solche Webseiten&nbsp;abgelehnt. Der Zugriff und die Nutzung solcher Webseiten erfolgen&nbsp;auf eigene Gefahr des Nutzers oder der Nutzerin.&nbsp;&nbsp;&nbsp;&nbsp;&nbsp;&nbsp;&nbsp;&nbsp;&nbsp;&nbsp;&nbsp;&nbsp;&nbsp;&nbsp;&nbsp;&nbsp;&nbsp;&nbsp;&nbsp;&nbsp;<br><\/p>\n\n\n\n<p><strong>Urheberrechte<\/strong><\/p>\n\n\n\n<p>Die Urheber- und alle anderen Rechte an Inhalten, Bildern, Fotos oder anderen Dateien auf der Website geh\u00f6ren ausschliesslich Accompanist oder den speziell genannten&nbsp;Rechtsinhabern. F\u00fcr die Reproduktion jeglicher Elemente ist die schriftliche Zustimmung der Urheberrechtstr\u00e4ger im Voraus einzuholen.<br><\/p>\n\n\n\n<p><strong>Datenschutz<\/strong><\/p>\n\n\n\n<p>Gest\u00fctzt auf Artikel 13 der schweizerischen Bundesverfassung&nbsp;und die datenschutzrechtlichen Bestimmungen des Bundes (Datenschutzgesetz, DSG)&nbsp;hat jede Person Anspruch auf Schutz ihrer Privatsph\u00e4re sowie auf Schutz vor&nbsp;Missbrauch ihrer pers\u00f6nlichen Daten. Wir halten diese Bestimmungen ein. Pers\u00f6nliche Daten werden streng vertraulich behandelt und weder an Dritte&nbsp;verkauft noch weitergegeben.<\/p>\n\n\n\n<p>In enger Zusammenarbeit mit unseren Hosting-Providern&nbsp;bem\u00fchen wir uns, die Datenbanken so gut wie m\u00f6glich vor fremden Zugriffen, Verlusten, Missbrauch oder vor F\u00e4lschung zu sch\u00fctzen.<br> Beim Zugriff auf unsere Webseiten werden folgende Daten in Logfiles gespeichert: IP-Adresse, Datum, Uhrzeit, Browser-Anfrage und allg.&nbsp; \u00fcbertragene Informationen zum Betriebssystem resp. Browser. Diese Nutzungsdaten&nbsp;bilden die Basis f\u00fcr statistische, anonyme Auswertungen, so dass Trends&nbsp;erkennbar sind, anhand derer wir unsere Angebote entsprechend verbessern k\u00f6nnen.&nbsp;<\/p>\n","protected":false},"excerpt":{"rendered":"<p>Unsere Website lautet&nbsp;www.accompanist.ch Diese Website und deren Inhalt wird durch eine private Person zur Verf\u00fcgung gestellt. Verantwortliche Stelle im Sinne der Datenschutzgesetze, [&hellip;]<\/p>\n","protected":false},"author":1,"featured_media":0,"parent":0,"menu_order":0,"comment_status":"closed","ping_status":"closed","template":"page-templates\/page_fullwidth.php","meta":{"footnotes":""},"class_list":["post-180","page","type-page","status-publish","hentry"],"_links":{"self":[{"href":"https:\/\/accompanist.ch\/index.php?rest_route=\/wp\/v2\/pages\/180","targetHints":{"allow":["GET"]}}],"collection":[{"href":"https:\/\/accompanist.ch\/index.php?rest_route=\/wp\/v2\/pages"}],"about":[{"href":"https:\/\/accompanist.ch\/index.php?rest_route=\/wp\/v2\/types\/page"}],"author":[{"embeddable":true,"href":"https:\/\/accompanist.ch\/index.php?rest_route=\/wp\/v2\/users\/1"}],"replies":[{"embeddable":true,"href":"https:\/\/accompanist.ch\/index.php?rest_route=%2Fwp%2Fv2%2Fcomments&post=180"}],"version-history":[{"count":9,"href":"https:\/\/accompanist.ch\/index.php?rest_route=\/wp\/v2\/pages\/180\/revisions"}],"predecessor-version":[{"id":617,"href":"https:\/\/accompanist.ch\/index.php?rest_route=\/wp\/v2\/pages\/180\/revisions\/617"}],"wp:attachment":[{"href":"https:\/\/accompanist.ch\/index.php?rest_route=%2Fwp%2Fv2%2Fmedia&parent=180"}],"curies":[{"name":"wp","href":"https:\/\/api.w.org\/{rel}","templated":true}]}}