{"id":252,"date":"2019-01-05T14:31:08","date_gmt":"2019-01-05T13:31:08","guid":{"rendered":"https:\/\/accompanist.ch\/?page_id=252"},"modified":"2020-12-14T16:57:59","modified_gmt":"2020-12-14T15:57:59","slug":"accompanist-allgemeine-geschaeftsbedingungen%ef%bb%bf","status":"publish","type":"page","link":"https:\/\/accompanist.ch\/?page_id=252","title":{"rendered":"\ufeff"},"content":{"rendered":"\n<h4 class=\"wp-block-heading\"><strong>Allgemeine Gesch\u00e4ftsbedingungen (AGB)<\/strong><\/h4>\n\n\n\n<p>Diese allgemeinen Gesch\u00e4ftsbedingungen (AGB) gelten f\u00fcr den Gesch\u00e4ftsbereich der Firma namens Accompanist, Postfach 436, 3250 Lyss (nachfolgend \u201eFirma\u201c). Die Firma besitzt und betreibt die Plattform <a href=\"http:\/\/www.accompanist.ch\">www.accompanist.ch<\/a> und erbringt darauf entgeltliche Dienstleistungen im Zusammenhang mit den Adress- und Namens\u00e4nderungen in der ganzen Schweiz. <br><br><\/p>\n\n\n\n<h4 class=\"wp-block-heading\"><strong>Vertragsabschluss<\/strong><\/h4>\n\n\n\n<p>Der Vertragsabschluss kommt durch die Akzeptanz des Auftrages sowie mit der Best\u00e4tigung der allgemeinen Gesch\u00e4ftsbedingungen und Datenschutzerkl\u00e4rung. Der Vertrag kommt des Weiteren zustande, wenn der Kunde die von Accompanist angebotenen Dienstleistungen in Anspruch nimmt.<br><br><\/p>\n\n\n\n<h4 class=\"wp-block-heading\"><strong>Preise<\/strong><\/h4>\n\n\n\n<p>Vorbehaltlich anderweitiger verstehen sich alle Preise in Schweizer Franken (CHF). Alle Preise verstehen sich inklusive allf\u00e4llig anwendbarer Steuern.<\/p>\n\n\n\n<p>Accompanist beh\u00e4lt sich vor, die Preise jederzeit zu \u00e4ndern. Es\ngelten die zum Zeitpunkt des Vertragsabschlusses g\u00fcltige Preise auf der Website\nwww.accompanist.ch. F\u00fcr den Kunden gilt die zum Zeitpunkt des\nVertragsabschlusses g\u00fcltige Preise.<\/p>\n\n\n\n<p><strong>Adress\u00e4nderung:<\/strong><br>Einzelperson&nbsp;&nbsp;&nbsp;&nbsp;&nbsp;&nbsp;&nbsp;&nbsp;&nbsp;&nbsp;&nbsp;&nbsp;&nbsp;&nbsp;&nbsp;&nbsp;&nbsp;&nbsp;&nbsp;&nbsp; 49.\u2014CHF<br>Familie&nbsp;&nbsp;&nbsp;&nbsp;&nbsp;&nbsp;&nbsp;&nbsp;&nbsp;&nbsp; &nbsp;&nbsp;&nbsp;&nbsp;&nbsp;&nbsp;&nbsp;&nbsp;&nbsp;&nbsp;&nbsp;&nbsp;&nbsp;&nbsp;&nbsp;&nbsp;&nbsp;&nbsp;&nbsp;&nbsp; 79.\u2014CHF<\/p>\n\n\n\n<p>Pro Familie sind jeweils 2 Erwachsene vorgesehen.<br>F\u00fcr weitere vollj\u00e4hrige Familienmitglieder verwenden Sie die Dienstleistung bitte separat als Einzelperson. <br><\/p>\n\n\n\n<p><strong>Namens\u00e4nderung: <br><\/strong>Einzelperson&nbsp;&nbsp;&nbsp;&nbsp;&nbsp;&nbsp;&nbsp;&nbsp;&nbsp;&nbsp;&nbsp;&nbsp;&nbsp;&nbsp;&nbsp;&nbsp;&nbsp;&nbsp;&nbsp;&nbsp; 49.\u2014CHF<\/p>\n\n\n\n<h4 class=\"wp-block-heading\"><strong>Bezahlung<\/strong><\/h4>\n\n\n\n<p>Der\nKunde ist verpflichtet, den in Rechnung gestellten Betrag innert 30 Tagen ab\nRechnungsdatum zu bezahlen. Es sei denn, er habe den Betrag bereits beim\nBest\u00e4tigungsvorgang via Kreditkarte, Paypal, oder andere Zahlungssysteme\nbeglichen.<\/p>\n\n\n\n<p>Wird die Rechnung nicht binnen vorgenannter Zahlungsfrist beglichen,\nwird der Kunde abgemahnt. Begleicht der Kunde die Rechnung nicht binnen der\nangesetzten Mahnfrist f\u00e4llt er automatisch in Verzug. Ab Zeitpunkt des Verzuges\nschuldet der Kunde Verzugszinsen in der H\u00f6he von 5%.<\/p>\n\n\n\n<p>Die Firma beh\u00e4lt sich vor, jederzeit ohne Angabe von Gr\u00fcnden\nVorauskasse zu verlangen.<\/p>\n\n\n\n<p>Verrechnung des in Rechnung gestellten Betrages mit einer allf\u00e4lligen Forderung des Kunden gegen die Firma ist nicht zul\u00e4ssig.<br><br><\/p>\n\n\n\n<h4 class=\"wp-block-heading\"><strong>Pflichten der Firma<\/strong><\/h4>\n\n\n\n<p>Vorbehaltlich anderslautender Vereinbarung, erf\u00fcllt Accompanist ihre Verpflichtung durch Erbringung der vereinbarten Dienstleistung. Die Dienstleistung beinhaltet die Leistungen, welche zum Zeitpunkt des Vertragsabschlusses online publiziert und best\u00e4tigt waren.<br><br><\/p>\n\n\n\n<h4 class=\"wp-block-heading\"><strong>Pflichten des Kunden<\/strong><\/h4>\n\n\n\n<p>Der Kunde ist verpflichtet s\u00e4mtliche Vorkehrungen, welche zur\nErbringung der Dienstleistung durch die Firma erforderlich sind umgehend\nvorzunehmen. <\/p>\n\n\n\n<p>Der Kunde best\u00e4tigt mit dem Akzeptieren der vorliegenden allgemeinen\nGesch\u00e4ftsbedingungen (AGB) zudem, dass er \u00fcber eine unbeschr\u00e4nkte\nHandlungsf\u00e4higkeit verf\u00fcgt und vollj\u00e4hrig ist. Der Kunde erkl\u00e4rt mit der\nRegistrierung ausdr\u00fccklich, dass s\u00e4mtliche gemachte Angaben der Wahrheit\nentsprechen, aktuell sind und mit dem Gesetz in \u00dcbereinstimmung sind.<\/p>\n\n\n\n<p>Accompanist ist berechtigt, das Verhalten der Kunden im Zusammenhang mit der Nutzung der Internetplattform zu kontrollieren. Die Firma ist insbesondere berechtigt vom Kunden auf der Onlineplattform erfassten Inhalt jederzeit auf Rechtm\u00e4ssigkeit zu \u00fcberpr\u00fcfen.<br><br><\/p>\n\n\n\n<h4 class=\"wp-block-heading\"><strong>R\u00fccktritt<\/strong><\/h4>\n\n\n\n<p>Beide Parteien haben das Recht jederzeit vom Vertrag zur\u00fcck zu\ntreten. Die zur\u00fccktretende Partei hat die bereits get\u00e4tigten Aufwendungen der\nanderen Partei vollumf\u00e4nglich zu entgelten. Es werden dem Kunden die durch den\nR\u00fccktritt verursachten Kosten in Rechnung gestellt. Der genaue Betrag wird dem\nKunden bei Vertragsabschluss mitgeteilt.<\/p>\n\n\n\n<p>Der Kunde erh\u00e4lt von der Firma das Recht die Dokumente der Vertragsbox f\u00fcr die vereinbarte Dauer zu nutzen. Ein R\u00fccktritt nach Abschluss der Bestellung, jedoch vor der Nutzung ist kostenlos m\u00f6glich. Ein R\u00fccktritt nach Nutzung ist nicht mehr m\u00f6glich und das vereinbarte Entgelt ist f\u00fcr die vertragliche Dienstleistung geschuldet.<br><br><\/p>\n\n\n\n<h4 class=\"wp-block-heading\"><strong>Gew\u00e4hrleistung<\/strong><\/h4>\n\n\n\n<p>Die Firma bem\u00fcht sich um eine gute Verf\u00fcgbarkeit der Website, <a href=\"http:\/\/www.accompanist.ch\/\">www.accompanist.ch<\/a> und unternimmt angemessene Vorkehrungen um sie vor Eingriffen Dritter zu sch\u00fctzen.<br><br><\/p>\n\n\n\n<h4 class=\"wp-block-heading\"><strong>Haftung<\/strong><\/h4>\n\n\n\n<p>Accompanist haftet dem Kunden nur f\u00fcr Verschulden aus Absicht und Grobfahrl\u00e4ssigkeit.<br><br><\/p>\n\n\n\n<h4 class=\"wp-block-heading\"><strong>Immaterialg\u00fcterrechte<\/strong><\/h4>\n\n\n\n<p>S\u00e4mtliche Rechte an den Dienstleistungen und allf\u00e4lligen Marken\nstehen der Firma zu oder sie ist zu deren Benutzung vom Inhaber berechtigt.<\/p>\n\n\n\n<p>Weder diese allgemeinen Gesch\u00e4ftsbedingungen (AGB) noch dazugeh\u00f6rige\nIndividualvereinbarungen haben die \u00dcbertragung von Immaterialg\u00fcterrechte zum\nInhalt, es sei denn dies werde explizit erw\u00e4hnt.<\/p>\n\n\n\n<p>Zudem ist jegliche Weiterverwendung, Ver\u00f6ffentlichung und das\nZug\u00e4nglichmachen von Informationen, Bildern, Texten oder Sonstige, welches der\nKunde im Zusammenhang mit diesen Bestimmungen erh\u00e4lt, untersagt, er sei denn es\nwerde von der Firma explizit genehmigt.<\/p>\n\n\n\n<p>Verwendet der Kunde im Zusammenhang mit der Firma Inhalte, Texte oder bildliches Material an welchem Dritte ein Schutzrecht haben, hat der Kunde sicherzustellen, dass keine Schutzrechte Dritter verletzt werden.<br><br><\/p>\n\n\n\n<h4 class=\"wp-block-heading\"><strong>Datenschutz<\/strong><\/h4>\n\n\n\n<p>Accompanist darf die im Rahmen des Vertragsschlusses aufgenommenen\nDaten zur Erf\u00fcllung der Verpflichtungen aus dem Vertrag verarbeiten und\nverwenden. Die Firma ergreift die Massnahmen welche zur Sicherung der Daten\ngem\u00e4ss den gesetzlichen Vorschriften erforderlich sind. Der Kunde erkl\u00e4rt sich\nmit der Speicherung und vertragsgem\u00e4ssen Verwertung seiner Daten durch die\nFirma vollumf\u00e4nglich einverstanden und ist sich bewusst, dass die Firma auf\nAnordnung von Gerichten oder Beh\u00f6rden verpflichtet und berechtigt ist\nInformationen vom Kunden diesen oder Dritten bekannt zu geben. <\/p>\n\n\n\n<p>Des Weiteren finden die Datenschutzbestimmungen Anwendung.<br><br><\/p>\n\n\n\n<h4 class=\"wp-block-heading\"><strong>\u00c4nderungen<\/strong><\/h4>\n\n\n\n<p>Diese allgemeinen Gesch\u00e4ftsbedingungen (AGB) k\u00f6nnen von der Firma\njederzeit ge\u00e4ndert werden. Die neue Version tritt durch Publikation auf der\nWebsite der Firma in Kraft.<\/p>\n\n\n\n<p>F\u00fcr die Kunden gilt grunds\u00e4tzlich die Version der allgemeinen Gesch\u00e4ftsbedingungen (AGB) welche zum Zeitpunkt des Vertragsabschlusses in Kraft ist. Es sei denn, der Kunde habe einer neueren Version der allgemeinen Gesch\u00e4ftsbedingungen (AGB) zugestimmt.<br><br><\/p>\n\n\n\n<h4 class=\"wp-block-heading\"><strong>Priorit\u00e4t <\/strong><\/h4>\n\n\n\n<p>Diese allgemeinen Gesch\u00e4ftsbedingungen (AGB) gehen allen \u00e4lteren Bestimmungen und Vertr\u00e4gen vor.<br><br><\/p>\n\n\n\n<h4 class=\"wp-block-heading\"><strong>Salvatorische Klausel<\/strong><\/h4>\n\n\n\n<p>Sollte eine Bestimmung dieses Vertrages oder eine Beilage dieses Vertrages ung\u00fcltig sein oder werden, so wird dadurch die Wirksamkeit des Vertrages im \u00dcbrigen nicht ber\u00fchrt. Die Vertragsparteien werden die unwirksame Bestimmung eine wirksame Bestimmung ersetzen, die dem gewollten wirtschaftlichen Zweck der ung\u00fcltigen Bestimmung m\u00f6glichst nah kommt. Dasselbe gilt auch f\u00fcr allf\u00e4llige Vertragsl\u00fccken.<br><br><\/p>\n\n\n\n<h4 class=\"wp-block-heading\"><strong>Anwendbares Recht \/ Gerichtsstand<\/strong><\/h4>\n\n\n\n<p>Diese allgemeinen Gesch\u00e4ftsbedingungen (AGB) unterstehen\nschweizerischem Recht. Soweit keine zwingenden gesetzlichen Bestimmungen\nvorgehend ist das Gericht am Sitz der Firma zust\u00e4ndig. <\/p>\n\n\n\n<p>Regionalgericht Berner Jura-Seeland<br>Amthaus Biel<br>Spitalstrasse 14<br>2501 Biel\/Bienne <\/p>\n","protected":false},"excerpt":{"rendered":"<p>Allgemeine Gesch\u00e4ftsbedingungen (AGB) Diese allgemeinen Gesch\u00e4ftsbedingungen (AGB) gelten f\u00fcr den Gesch\u00e4ftsbereich der Firma namens Accompanist, Postfach 436, 3250 Lyss (nachfolgend \u201eFirma\u201c). Die [&hellip;]<\/p>\n","protected":false},"author":2,"featured_media":0,"parent":0,"menu_order":0,"comment_status":"closed","ping_status":"closed","template":"page-templates\/page_fullwidth.php","meta":{"footnotes":""},"class_list":["post-252","page","type-page","status-publish","hentry"],"_links":{"self":[{"href":"https:\/\/accompanist.ch\/index.php?rest_route=\/wp\/v2\/pages\/252","targetHints":{"allow":["GET"]}}],"collection":[{"href":"https:\/\/accompanist.ch\/index.php?rest_route=\/wp\/v2\/pages"}],"about":[{"href":"https:\/\/accompanist.ch\/index.php?rest_route=\/wp\/v2\/types\/page"}],"author":[{"embeddable":true,"href":"https:\/\/accompanist.ch\/index.php?rest_route=\/wp\/v2\/users\/2"}],"replies":[{"embeddable":true,"href":"https:\/\/accompanist.ch\/index.php?rest_route=%2Fwp%2Fv2%2Fcomments&post=252"}],"version-history":[{"count":24,"href":"https:\/\/accompanist.ch\/index.php?rest_route=\/wp\/v2\/pages\/252\/revisions"}],"predecessor-version":[{"id":608,"href":"https:\/\/accompanist.ch\/index.php?rest_route=\/wp\/v2\/pages\/252\/revisions\/608"}],"wp:attachment":[{"href":"https:\/\/accompanist.ch\/index.php?rest_route=%2Fwp%2Fv2%2Fmedia&parent=252"}],"curies":[{"name":"wp","href":"https:\/\/api.w.org\/{rel}","templated":true}]}}