{"id":371,"date":"2019-01-13T12:22:14","date_gmt":"2019-01-13T11:22:14","guid":{"rendered":"https:\/\/accompanist.ch\/?page_id=371"},"modified":"2019-01-17T19:03:38","modified_gmt":"2019-01-17T18:03:38","slug":"unsere-werte-2","status":"publish","type":"page","link":"https:\/\/accompanist.ch\/?page_id=371","title":{"rendered":"unsere Werte"},"content":{"rendered":"\n<div class=\"wp-block-image\"><figure class=\"aligncenter is-resized\"><img loading=\"lazy\" decoding=\"async\" src=\"https:\/\/accompanist.ch\/wp-content\/uploads\/2019\/01\/unsere-Werte-Grafik-20190113.fw_-2.png\" alt=\"\" class=\"wp-image-408\" width=\"440\" height=\"411\" srcset=\"https:\/\/accompanist.ch\/wp-content\/uploads\/2019\/01\/unsere-Werte-Grafik-20190113.fw_-2.png 1020w, https:\/\/accompanist.ch\/wp-content\/uploads\/2019\/01\/unsere-Werte-Grafik-20190113.fw_-2-300x281.png 300w, https:\/\/accompanist.ch\/wp-content\/uploads\/2019\/01\/unsere-Werte-Grafik-20190113.fw_-2-768x719.png 768w, https:\/\/accompanist.ch\/wp-content\/uploads\/2019\/01\/unsere-Werte-Grafik-20190113.fw_-2-830x777.png 830w, https:\/\/accompanist.ch\/wp-content\/uploads\/2019\/01\/unsere-Werte-Grafik-20190113.fw_-2-230x215.png 230w, https:\/\/accompanist.ch\/wp-content\/uploads\/2019\/01\/unsere-Werte-Grafik-20190113.fw_-2-350x328.png 350w, https:\/\/accompanist.ch\/wp-content\/uploads\/2019\/01\/unsere-Werte-Grafik-20190113.fw_-2-480x449.png 480w\" sizes=\"auto, (max-width: 440px) 100vw, 440px\" \/><\/figure><\/div>\n\n\n\n<h4 class=\"wp-block-heading\"><em> Ihr Anliegen ist unsere Aufgabe. <\/em> <br><\/h4>\n\n\n\n<p>Die Erledigung aller erforderlichen Massnahmen und Abl\u00e4ufe, f\u00fcr Ihren \u2013 stressfreien &#8211; Domizil-, bzw. Adresswechsel, k\u00f6nnen Sie entspannt in unsere H\u00e4nde legen.  Unsere Kundschaft erh\u00e4lt durch unsere Unterst\u00fctzung einen optimalen Komfort \u2013 Zeitersparnis. <\/p>\n","protected":false},"excerpt":{"rendered":"<p>Ihr Anliegen ist unsere Aufgabe. Die Erledigung aller erforderlichen Massnahmen und Abl\u00e4ufe, f\u00fcr Ihren \u2013 stressfreien &#8211; Domizil-, bzw. Adresswechsel, k\u00f6nnen Sie [&hellip;]<\/p>\n","protected":false},"author":2,"featured_media":0,"parent":0,"menu_order":0,"comment_status":"closed","ping_status":"closed","template":"page-templates\/page_fullwidth.php","meta":{"footnotes":""},"class_list":["post-371","page","type-page","status-publish","hentry"],"_links":{"self":[{"href":"https:\/\/accompanist.ch\/index.php?rest_route=\/wp\/v2\/pages\/371","targetHints":{"allow":["GET"]}}],"collection":[{"href":"https:\/\/accompanist.ch\/index.php?rest_route=\/wp\/v2\/pages"}],"about":[{"href":"https:\/\/accompanist.ch\/index.php?rest_route=\/wp\/v2\/types\/page"}],"author":[{"embeddable":true,"href":"https:\/\/accompanist.ch\/index.php?rest_route=\/wp\/v2\/users\/2"}],"replies":[{"embeddable":true,"href":"https:\/\/accompanist.ch\/index.php?rest_route=%2Fwp%2Fv2%2Fcomments&post=371"}],"version-history":[{"count":10,"href":"https:\/\/accompanist.ch\/index.php?rest_route=\/wp\/v2\/pages\/371\/revisions"}],"predecessor-version":[{"id":412,"href":"https:\/\/accompanist.ch\/index.php?rest_route=\/wp\/v2\/pages\/371\/revisions\/412"}],"wp:attachment":[{"href":"https:\/\/accompanist.ch\/index.php?rest_route=%2Fwp%2Fv2%2Fmedia&parent=371"}],"curies":[{"name":"wp","href":"https:\/\/api.w.org\/{rel}","templated":true}]}}